{"id":101,"date":"2021-03-12T18:40:51","date_gmt":"2021-03-12T17:40:51","guid":{"rendered":"https:\/\/danielceron.fr\/karamar\/?page_id=101"},"modified":"2021-03-12T18:43:01","modified_gmt":"2021-03-12T17:43:01","slug":"soke-kenei-mabuni","status":"publish","type":"page","link":"https:\/\/danielceron.fr\/karamar\/index.php\/le-shito-ryu\/soke-kenei-mabuni\/","title":{"rendered":"Soke Kenei Mabuni"},"content":{"rendered":"\n<figure class=\"wp-block-image size-large\"><img decoding=\"async\" class=\"aligncenter size-full wp-image-1437\" src=\"https:\/\/danielceron.fr\/karamar\/wp-content\/uploads\/2021\/03\/KeneiMabuni.png\" alt=\"\" class=\"wp-image-56\"\/><\/figure>\n\n\n\n<p><strong>Kenei Mabuni est n\u00e9 le&nbsp;13 f\u00e9vrier 1918 \u00e0 Shuri&nbsp;(Okinawa).<\/strong><br><strong>Il est l&rsquo;a\u00een\u00e9 des trois enfants de&nbsp;Ma\u00eetre Kenwa Mabuni&nbsp;le fondateur du Shito-ryu Karat\u00e9-do.<\/strong><br><strong>Il d\u00e9bute tr\u00e8s jeune la karat\u00e9 et re\u00e7oit l&rsquo;enseignement&nbsp;de son p\u00e8re pendant toute son enfance.<\/strong><\/p>\n\n\n\n<p><strong>En 1928, la famille Mabuni d\u00e9m\u00e9nage&nbsp;dans le district de Kansai au Japon.<\/strong><\/p>\n\n\n\n<p><strong>Kenei accompagne alors son p\u00e8re partout et rencontre,&nbsp;lors de r\u00e9unions d&rsquo;autres grands ma\u00eetres d&rsquo;arts martiaux de l&rsquo;\u00e9poque tels que Gishin Funakoshi, Choki Motobu, Konishi.<\/strong><\/p>\n\n\n\n<p><strong>Dans les&nbsp;ann\u00e9es 30, il participe \u00e0 de nombreuses d\u00e9monstrations avec son p\u00e8re \u00e0 travers tout le Japon.<\/strong><br><strong>En&nbsp;Mars 1934, Sensei Kenwa MABUNI ouvre son premier dojo \u00e0 Osaka&nbsp;et l&rsquo;appelle : Yoshukan.<\/strong><br><strong>Apr\u00e8s la deuxi\u00e8me guerre mondiale, il commence \u00e0 enseigner avec son p\u00e8re.<\/strong><\/p>\n\n\n\n<p><strong>Le&nbsp;23 mai 1952,&nbsp;Kenwa Mabuni d\u00e9c\u00e8de&nbsp;et d\u00e8s lors, Kenei Mabuni succ\u00e8de \u00e0 la t\u00eate de l&rsquo;\u00e9cole Shito-Ryu.<\/strong><br><strong>Il devient le deuxi\u00e8me \u00ab\u00a0SOKE\u00a0\u00bb de l&rsquo;\u00e9cole.<\/strong><br><strong>En&nbsp;novembre 1960, Sensei Kenei Mabuni est nomm\u00e9 pr\u00e9sident de la f\u00e9d\u00e9ration Shito-Ryu de l&rsquo;ouest du Japon (Kansai) alors&nbsp;que Sensei Manzo Iwata de la partie de l&rsquo;est (Kanto).<\/strong><\/p>\n\n\n\n<p><strong>En&nbsp;1962, il part pour le Mexique afin d&rsquo;y enseigner le karat\u00e9.<\/strong><\/p>\n\n\n\n<p><strong>Il continue son voyage par le Guatemala, le Honduras et les USA.<\/strong><br><strong>A partir de ce moment, il voyagera dans le monde entier pour y promouvoir&nbsp;le karat\u00e9 Shito-Ryu et continuer ainsi&nbsp;le travail de son p\u00e8re.<\/strong><\/p>\n","protected":false},"excerpt":{"rendered":"<p>Kenei Mabuni est n\u00e9 le&nbsp;13 f\u00e9vrier 1918 \u00e0 Shuri&nbsp;(Okinawa).Il est l&rsquo;a\u00een\u00e9 des trois enfants de&nbsp;Ma\u00eetre Kenwa Mabuni&nbsp;le fondateur du Shito-ryu Karat\u00e9-do.Il d\u00e9bute tr\u00e8s jeune la karat\u00e9 et re\u00e7oit l&rsquo;enseignement&nbsp;de son p\u00e8re pendant toute son enfance. En 1928, la famille Mabuni d\u00e9m\u00e9nage&nbsp;dans le district de Kansai au Japon. Kenei accompagne alors<a href=\"https:\/\/danielceron.fr\/karamar\/index.php\/le-shito-ryu\/soke-kenei-mabuni\/\" class=\"read-more\">Read More&#8230;<\/a><\/p>\n","protected":false},"author":1,"featured_media":0,"parent":97,"menu_order":1,"comment_status":"closed","ping_status":"closed","template":"fullwidth.php","meta":{"footnotes":""},"class_list":["post-101","page","type-page","status-publish","hentry"],"_links":{"self":[{"href":"https:\/\/danielceron.fr\/karamar\/index.php\/wp-json\/wp\/v2\/pages\/101","targetHints":{"allow":["GET"]}}],"collection":[{"href":"https:\/\/danielceron.fr\/karamar\/index.php\/wp-json\/wp\/v2\/pages"}],"about":[{"href":"https:\/\/danielceron.fr\/karamar\/index.php\/wp-json\/wp\/v2\/types\/page"}],"author":[{"embeddable":true,"href":"https:\/\/danielceron.fr\/karamar\/index.php\/wp-json\/wp\/v2\/users\/1"}],"replies":[{"embeddable":true,"href":"https:\/\/danielceron.fr\/karamar\/index.php\/wp-json\/wp\/v2\/comments?post=101"}],"version-history":[{"count":1,"href":"https:\/\/danielceron.fr\/karamar\/index.php\/wp-json\/wp\/v2\/pages\/101\/revisions"}],"predecessor-version":[{"id":102,"href":"https:\/\/danielceron.fr\/karamar\/index.php\/wp-json\/wp\/v2\/pages\/101\/revisions\/102"}],"up":[{"embeddable":true,"href":"https:\/\/danielceron.fr\/karamar\/index.php\/wp-json\/wp\/v2\/pages\/97"}],"wp:attachment":[{"href":"https:\/\/danielceron.fr\/karamar\/index.php\/wp-json\/wp\/v2\/media?parent=101"}],"curies":[{"name":"wp","href":"https:\/\/api.w.org\/{rel}","templated":true}]}}