{"id":103,"date":"2021-03-12T18:44:29","date_gmt":"2021-03-12T17:44:29","guid":{"rendered":"https:\/\/danielceron.fr\/karamar\/?page_id=103"},"modified":"2021-03-12T18:44:59","modified_gmt":"2021-03-12T17:44:59","slug":"soke-kenyu-mabuni","status":"publish","type":"page","link":"https:\/\/danielceron.fr\/karamar\/index.php\/le-shito-ryu\/soke-kenyu-mabuni\/","title":{"rendered":"Soke Kenyu Mabuni"},"content":{"rendered":"\n<figure class=\"wp-block-image size-large\"><img decoding=\"async\" class=\"aligncenter size-full wp-image-1440\" src=\"https:\/\/danielceron.fr\/karamar\/wp-content\/uploads\/2021\/03\/KenyuMabuni.png\" alt=\"\" class=\"wp-image-63\"\/><\/figure>\n\n\n\n<p><strong>Kenyu Mabuni est n\u00e9 Le 4 juin 1951 il est le premier fils de Kenei Mabuni<\/strong><\/p>\n\n\n\n<p><strong>Depuis ses premi\u00e8res ann\u00e9es d&rsquo;enfance, il a \u00e9t\u00e9 emmen\u00e9 au dojo \u00e0 Ikue-cho, Asahi-ku par son grand-p\u00e8re Kenwa et son p\u00e8re Kenei et a \u00e9t\u00e9 \u00e9lev\u00e9 l\u00e0-bas pendant qu&rsquo;ils pratiquaient.<\/strong><\/p>\n\n\n\n<p><strong>\u00c0 l&rsquo;\u00e2ge de 3 ans, il a appris le karat\u00e9 par Kenei \u00e0 leur domicile \u00e0 Ichioka, Minato-ku.<\/strong><\/p>\n\n\n\n<p><strong>A l&rsquo;\u00e9cole \u00e9l\u00e9mentaire, il a pratiqu\u00e9 le karat\u00e9 avec ses cousins dans le dojo et \u00e0 l&rsquo;\u00e9cole secondaire Konan o\u00f9 il a \u00e9tudi\u00e9 l&rsquo;art de Kobu do et sp\u00e9cifiquement des armes traditionnelles Sai et Kon, alors que pendant l&rsquo;\u00e9tude \u00e0 l&rsquo;\u00e9cole secondaire Otemae, il lui \u00e9t\u00e9 enseign\u00e9 le Kukishin-ryu Bojutsu de son p\u00e8re.<\/strong><\/p>\n\n\n\n<p><strong>Au lyc\u00e9e, il a essay\u00e9 de pratiquer&nbsp; le karat\u00e9 dans les locaux de l&rsquo;\u00e9cole mais n&rsquo;a pas r\u00e9ussi \u00e0 obtenir la permission de son p\u00e8re parce qu&rsquo;il y avait une diff\u00e9rence de style. Il a donc abandonn\u00e9 ses activit\u00e9s concernant le karat\u00e9 au lyc\u00e9e.<\/strong><\/p>\n\n\n\n<p><strong>Au cours des ann\u00e9es d&rsquo;\u00e9tudes \u00e0 l&rsquo;Institut de technologie de Nagoya et \u00e0 l&rsquo;Institut technologique de Tokyo, il a quitt\u00e9 la maison familiale et s&rsquo;est concentr\u00e9 sur sa recherche technologique alors que sa pratique en karat\u00e9 \u00e9tait purement personnelle.<\/strong><\/p>\n\n\n\n<p><strong>En 1979, il a obtenu un dipl\u00f4me de ma\u00eetrise de l&rsquo;\u00c9cole sup\u00e9rieure d&rsquo;Institut de technologie de Tokyo. Au cours de sa carri\u00e8re en tant que Consultant, il a fait de nombreux voyages d&rsquo;affaires \u00e0 l&rsquo;\u00e9tranger et a eu l&rsquo;occasion de faire des activit\u00e9s autour du Karat\u00e9, de sorte que son enthousiasme dans le Karat\u00e9 est revenu et l&rsquo;a exhort\u00e9 \u00e0 continuer la pratique et l&rsquo;enseignement de l&rsquo;art.<\/strong><\/p>\n\n\n\n<p><strong>En 1999, lorsqu&rsquo;il a travaill\u00e9 comme Consultant \u00e0 Hambourg, en Allemagne, il a enseign\u00e9 le Karat\u00e9 pendant son s\u00e9jour, tandis qu&rsquo;en 2000, il a quitt\u00e9 la soci\u00e9t\u00e9 de conseil et est devenu Consultant ind\u00e9pendant. Parall\u00e8lement \u00e0 son travail, il a pratiqu\u00e9 le karat\u00e9 et l&rsquo;a\u00efkido avec son p\u00e8re. En 2004, il a officiellement commenc\u00e9 \u00e0 enseigner le karat\u00e9 aux enfants du coll\u00e8ge dans son lieu de r\u00e9sidence \u00e0 Hachioji. Depuis lors, il a produit des champions dans les Championnats juniors japonais et il enseigne le karat\u00e9 quel que soit le style, en particulier le kata.<\/strong><\/p>\n\n\n\n<p><strong>En 2008, il est devenu membre de la F\u00e9d\u00e9ration de Karat\u00e9 \u00e0 Hachioji o\u00f9 il vit et membre de la F\u00e9d\u00e9ration de Karat\u00e9 de Tokyo et de JKF (Japan Karate F\u00e9d\u00e9ration).<\/strong><\/p>\n\n\n\n<p><strong>Il se consacre \u00e0 la fois \u00e0 la transmission des techniques traditionnelles du karat\u00e9 et au karat\u00e9 en tant que sport de comp\u00e9tition, nourrissant le jeune Karateka .Son enseignement n&rsquo;est pas limit\u00e9 au Japon mais aussi \u00e0 l&rsquo;\u00e9tranger .<\/strong><\/p>\n\n\n\n<p><strong>Apr\u00e8s la mort de son p\u00e8re Kenei Mabuni en d\u00e9cembre 2015, selon la tradition, il a \u00e9t\u00e9 nomm\u00e9 3 eme Sok\u00e9 (successeur) lors d&rsquo;une c\u00e9r\u00e9monie d&rsquo;inauguration tenue le 28 f\u00e9vrier 2016 \u00e0 Osaka, poursuivant le travail de son p\u00e8re et de son grand-p\u00e8re qui est la propagation de l&rsquo;original Shito Ryu Karate dans le monde entier.<\/strong><\/p>\n","protected":false},"excerpt":{"rendered":"<p>Kenyu Mabuni est n\u00e9 Le 4 juin 1951 il est le premier fils de Kenei Mabuni Depuis ses premi\u00e8res ann\u00e9es d&rsquo;enfance, il a \u00e9t\u00e9 emmen\u00e9 au dojo \u00e0 Ikue-cho, Asahi-ku par son grand-p\u00e8re Kenwa et son p\u00e8re Kenei et a \u00e9t\u00e9 \u00e9lev\u00e9 l\u00e0-bas pendant qu&rsquo;ils pratiquaient. \u00c0 l&rsquo;\u00e2ge de 3<a href=\"https:\/\/danielceron.fr\/karamar\/index.php\/le-shito-ryu\/soke-kenyu-mabuni\/\" class=\"read-more\">Read More&#8230;<\/a><\/p>\n","protected":false},"author":1,"featured_media":0,"parent":97,"menu_order":2,"comment_status":"closed","ping_status":"closed","template":"fullwidth.php","meta":{"footnotes":""},"class_list":["post-103","page","type-page","status-publish","hentry"],"_links":{"self":[{"href":"https:\/\/danielceron.fr\/karamar\/index.php\/wp-json\/wp\/v2\/pages\/103","targetHints":{"allow":["GET"]}}],"collection":[{"href":"https:\/\/danielceron.fr\/karamar\/index.php\/wp-json\/wp\/v2\/pages"}],"about":[{"href":"https:\/\/danielceron.fr\/karamar\/index.php\/wp-json\/wp\/v2\/types\/page"}],"author":[{"embeddable":true,"href":"https:\/\/danielceron.fr\/karamar\/index.php\/wp-json\/wp\/v2\/users\/1"}],"replies":[{"embeddable":true,"href":"https:\/\/danielceron.fr\/karamar\/index.php\/wp-json\/wp\/v2\/comments?post=103"}],"version-history":[{"count":1,"href":"https:\/\/danielceron.fr\/karamar\/index.php\/wp-json\/wp\/v2\/pages\/103\/revisions"}],"predecessor-version":[{"id":104,"href":"https:\/\/danielceron.fr\/karamar\/index.php\/wp-json\/wp\/v2\/pages\/103\/revisions\/104"}],"up":[{"embeddable":true,"href":"https:\/\/danielceron.fr\/karamar\/index.php\/wp-json\/wp\/v2\/pages\/97"}],"wp:attachment":[{"href":"https:\/\/danielceron.fr\/karamar\/index.php\/wp-json\/wp\/v2\/media?parent=103"}],"curies":[{"name":"wp","href":"https:\/\/api.w.org\/{rel}","templated":true}]}}