{"id":107,"date":"2021-03-12T18:53:19","date_gmt":"2021-03-12T17:53:19","guid":{"rendered":"https:\/\/danielceron.fr\/karamar\/?page_id=107"},"modified":"2021-03-12T18:53:43","modified_gmt":"2021-03-12T17:53:43","slug":"livres","status":"publish","type":"page","link":"https:\/\/danielceron.fr\/karamar\/index.php\/medias\/livres\/","title":{"rendered":"Livres"},"content":{"rendered":"<h1><strong><a href=\"https:\/\/danielceron.fr\/karamar\/wp-content\/uploads\/2021\/03\/portail1.png\"><img loading=\"lazy\" decoding=\"async\" class=\"aligncenter size-full wp-image-1458\" src=\"https:\/\/danielceron.fr\/karamar\/wp-content\/uploads\/2021\/03\/portail1.png\" alt=\"portail\" width=\"882\" height=\"699\"><\/a><\/strong><\/h1>\n<h1><\/h1>\n<h1><strong>Livres<\/strong><\/h1>\n<p>&nbsp;<\/p>\n<p>&nbsp;<\/p>\n<p>&nbsp;<\/p>\n<div><strong><img loading=\"lazy\" decoding=\"async\" src=\"https:\/\/danielceron.fr\/karamar\/wp-content\/uploads\/2021\/03\/karate_do_shito-ryu_2006.jpg\" alt=\"Karat\u00e9 Do Shito-Ryu La voie de la Tradition\" width=\"112\" height=\"160\">Janvier 2006                                                                                                                                   <\/strong><\/div>\n<div>\n<ul>\n<li><strong>Itinaires<\/strong><\/li>\n<li><strong>L\u2019\u00e9cole Shito-Ryu<\/strong><\/li>\n<li><strong>Positions de base<\/strong><\/li>\n<li><strong>Katas fondametaux<\/strong><\/li>\n<li><strong>Katas avanc\u00e9s<\/strong><\/li>\n<li><strong>Katas sup\u00e9rieurs<\/strong><\/li>\n<li><strong>Encha\u00eenements<\/strong><\/li>\n<li><strong>Kobudo<\/strong><\/li>\n<li><strong>M\u00e9ditation et spiritualit\u00e9<\/strong><\/li>\n<li><strong>Calligraphie<\/strong><\/li>\n<li><strong>Les mots pour le dire<\/strong><\/li>\n<\/ul>\n<div>\n<div align=\"center\"><strong><img loading=\"lazy\" decoding=\"async\" src=\"https:\/\/danielceron.fr\/karamar\/wp-content\/uploads\/2021\/03\/separe.png\" alt=\"\" width=\"260\" height=\"1\"><\/strong><\/div>\n<\/div>\n<div><strong><span class=\"Apple-style-span\"> <\/span><\/strong><\/div>\n<\/div>\n<div><strong><img loading=\"lazy\" decoding=\"async\" src=\"https:\/\/danielceron.fr\/karamar\/wp-content\/uploads\/2021\/03\/\/main_nue_2005.jpg\" alt=\"La Voie de la main nue\" width=\"101\" height=\"160\">f\u00e9vrier 2004<\/strong><\/div>\n<div>\n<ul>\n<ul>\n<li><strong>Origine et d\u00e9veloppement<\/strong><br \/>\n<strong> de la voie du karat\u00e9<\/strong><\/li>\n<li><strong>Le style Shito-Ryu<\/strong><\/li>\n<li><strong>Comment progresser ?<\/strong><\/li>\n<li><strong>Consid\u00e9rations sur les<\/strong><br \/>\n<strong> arts martiaux modernes<\/strong><\/li>\n<li><strong>Qu\u2019est ce que le bu-do ?<\/strong><\/li>\n<li><strong>Qu\u2019est ce qu\u2019un duel ?<\/strong><\/li>\n<li><strong>Le karat\u00e9 ou le zen accompli<\/strong><\/li>\n<\/ul>\n<\/ul>\n<div align=\"center\"><strong><img loading=\"lazy\" decoding=\"async\" src=\"https:\/\/danielceron.fr\/karamar\/wp-content\/uploads\/2021\/03\/separe.png\" alt=\"\" width=\"260\" height=\"1\"><\/strong><\/div>\n<\/div>\n<div><strong><img loading=\"lazy\" decoding=\"async\" src=\"https:\/\/danielceron.fr\/karamar\/wp-content\/uploads\/2021\/03\/mabuni_1986.jpg\" alt=\"KARATE-DO Shit\u00f4-ryu\" width=\"110\" height=\"155\">1986<\/strong><\/div>\n<div>\n<ul>\n<ul>\n<li><strong>Avant propos<\/strong><\/li>\n<li><strong>Qu\u2019est le karat\u00e9-do ?<\/strong><\/li>\n<li><strong>Le karat\u00e9-do commence<\/strong><br \/>\n<strong> ou finit par le salut<\/strong><\/li>\n<li><strong>A propos de Shito-ryu<\/strong><br \/>\n<strong> karat\u00e9-do<\/strong><\/li>\n<li><strong>La famille mabuni et son<\/strong><br \/>\n<strong> embl\u00e8me<\/strong><\/li>\n<li><strong>Les connaissances de base<\/strong><br \/>\n<strong> du karat\u00e9-do<\/strong><\/li>\n<li><strong>Les katas en karat\u00e9-do<\/strong><\/li>\n<li><strong>Les katas<\/strong><\/li>\n<\/ul>\n<\/ul>\n<div>\n<div align=\"center\"><strong><img loading=\"lazy\" decoding=\"async\" src=\"https:\/\/danielceron.fr\/karamar\/wp-content\/uploads\/2021\/03\/separe.png\" alt=\"\" width=\"260\" height=\"1\"><\/strong><\/div>\n<\/div>\n<\/div>\n<div><strong><img loading=\"lazy\" decoding=\"async\" src=\"https:\/\/danielceron.fr\/karamar\/wp-content\/uploads\/2021\/03\/mabuni_1995.jpg\" alt=\"KARATE-DO Traditionnel Shit\u00f4-Ryu\" width=\"114\" height=\"160\">1995<\/strong><\/div>\n<div>\n<ul>\n<ul>\n<li><strong>Avant propos<\/strong><\/li>\n<li><strong>Kenei Mabuni : Itin\u00e9raire<\/strong><\/li>\n<li><strong>Mon p\u00e8re : Kenwa Mabuni<\/strong><\/li>\n<li><strong>Les c\u00e9l\u00e9bres karat\u00e9kas<\/strong><br \/>\n<strong> d\u2019Okinawa<\/strong><\/li>\n<li><strong>Les \u00e9crits posthumes<\/strong><br \/>\n<strong> de Anko Itosu<\/strong><\/li>\n<li><strong>Sens et action du Kumit\u00e9<\/strong><\/li>\n<li><strong>Les d\u00e9placements de<\/strong><br \/>\n<strong> pieds en cinq bases<\/strong><\/li>\n<li><strong>Esquives et contre-attaque<\/strong><\/li>\n<li><strong>Les parades : Explications<\/strong><br \/>\n<strong> et applications<\/strong><\/li>\n<li><strong>Sens et valeurs des katas<\/strong><\/li>\n<li><strong>Les katas<\/strong><\/li>\n<\/ul>\n<\/ul>\n<div align=\"center\"><strong><img loading=\"lazy\" decoding=\"async\" src=\"https:\/\/danielceron.fr\/karamar\/wp-content\/uploads\/2021\/03\/separe.png\" alt=\"\" width=\"260\" height=\"1\"><\/strong><\/div>\n<\/div>\n<div><strong><img loading=\"lazy\" decoding=\"async\" src=\"https:\/\/danielceron.fr\/karamar\/wp-content\/uploads\/2021\/03\/naka_1987.jpg\" alt=\"Shit\u00f4-Ryu KARATE-DO \" width=\"113\" height=\"160\">1987<\/strong><\/div>\n<div>\n<ul>\n<ul>\n<li><strong>kihon-Dachi<\/strong><\/li>\n<li><strong>Uke<\/strong><\/li>\n<li><strong>Keri-Waza<\/strong><\/li>\n<li><strong>Les Pinan<\/strong><\/li>\n<li><strong>Kosokun dai<\/strong><\/li>\n<li><strong>Bassai Dai<\/strong><\/li>\n<li><strong>Se\u00efenchin<\/strong><\/li>\n<li><strong>Kururunfa<\/strong><\/li>\n<li><strong>Tensho<\/strong><\/li>\n<\/ul>\n<\/ul>\n<div>\n<div align=\"center\"><strong><img loading=\"lazy\" decoding=\"async\" src=\"https:\/\/danielceron.fr\/karamar\/wp-content\/uploads\/2021\/03\/separe.png\" alt=\"\" width=\"260\" height=\"1\"><\/strong><\/div>\n<\/div>\n<div><strong><span class=\"Apple-style-span\"> <\/span><\/strong><\/div>\n<\/div>\n<div><strong><img loading=\"lazy\" decoding=\"async\" src=\"https:\/\/danielceron.fr\/karamar\/wp-content\/uploads\/2021\/03\/naka_2003.jpg\" alt=\"Tradition Shit\u00f4-Ryu KARATE-DO \" width=\"110\" height=\"160\">2003<\/strong><\/div>\n<div>\n<ul>\n<ul>\n<li><strong>Avant-propos<\/strong><\/li>\n<li><strong>Biographie Kenwa Mabuni<\/strong><\/li>\n<li><strong>Biographie Kenei Mabuni<\/strong><\/li>\n<li><strong>Les c\u00e9l\u00e9bres karat\u00e9kas<\/strong><br \/>\n<strong> d\u2019Okinawa<\/strong><\/li>\n<li><strong>Biographie Hidetoshi Nakahashi<\/strong><\/li>\n<li><strong>Philosophie du Budo<\/strong><\/li>\n<li><strong>Comportement dans le Dojo<\/strong><\/li>\n<li><strong>Le vrai chemin du Coeur<\/strong><\/li>\n<li><strong>Les points vitaux<\/strong><\/li>\n<li><strong>Uke No Gogenri<\/strong><\/li>\n<li><strong>Tenshin Happo<\/strong><\/li>\n<li><strong>Katas<\/strong><\/li>\n<\/ul>\n<\/ul>\n<\/div>\n","protected":false},"excerpt":{"rendered":"<p>Livres &nbsp; &nbsp; &nbsp; Janvier 2006 Itinaires L\u2019\u00e9cole Shito-Ryu Positions de base Katas fondametaux Katas avanc\u00e9s Katas sup\u00e9rieurs Encha\u00eenements Kobudo M\u00e9ditation et spiritualit\u00e9 Calligraphie Les mots pour le dire f\u00e9vrier 2004 Origine et d\u00e9veloppement de la voie du karat\u00e9 Le style Shito-Ryu Comment progresser ? Consid\u00e9rations sur les arts martiaux<a href=\"https:\/\/danielceron.fr\/karamar\/index.php\/medias\/livres\/\" class=\"read-more\">Read More&#8230;<\/a><\/p>\n","protected":false},"author":1,"featured_media":0,"parent":105,"menu_order":0,"comment_status":"closed","ping_status":"closed","template":"fullwidth.php","meta":{"footnotes":""},"class_list":["post-107","page","type-page","status-publish","hentry"],"_links":{"self":[{"href":"https:\/\/danielceron.fr\/karamar\/index.php\/wp-json\/wp\/v2\/pages\/107","targetHints":{"allow":["GET"]}}],"collection":[{"href":"https:\/\/danielceron.fr\/karamar\/index.php\/wp-json\/wp\/v2\/pages"}],"about":[{"href":"https:\/\/danielceron.fr\/karamar\/index.php\/wp-json\/wp\/v2\/types\/page"}],"author":[{"embeddable":true,"href":"https:\/\/danielceron.fr\/karamar\/index.php\/wp-json\/wp\/v2\/users\/1"}],"replies":[{"embeddable":true,"href":"https:\/\/danielceron.fr\/karamar\/index.php\/wp-json\/wp\/v2\/comments?post=107"}],"version-history":[{"count":2,"href":"https:\/\/danielceron.fr\/karamar\/index.php\/wp-json\/wp\/v2\/pages\/107\/revisions"}],"predecessor-version":[{"id":460,"href":"https:\/\/danielceron.fr\/karamar\/index.php\/wp-json\/wp\/v2\/pages\/107\/revisions\/460"}],"up":[{"embeddable":true,"href":"https:\/\/danielceron.fr\/karamar\/index.php\/wp-json\/wp\/v2\/pages\/105"}],"wp:attachment":[{"href":"https:\/\/danielceron.fr\/karamar\/index.php\/wp-json\/wp\/v2\/media?parent=107"}],"curies":[{"name":"wp","href":"https:\/\/api.w.org\/{rel}","templated":true}]}}