{"id":111,"date":"2021-03-12T19:00:08","date_gmt":"2021-03-12T18:00:08","guid":{"rendered":"https:\/\/danielceron.fr\/karamar\/?page_id=111"},"modified":"2022-07-07T12:51:54","modified_gmt":"2022-07-07T10:51:54","slug":"videos","status":"publish","type":"page","link":"https:\/\/danielceron.fr\/karamar\/index.php\/medias\/videos\/","title":{"rendered":"Vid\u00e9os"},"content":{"rendered":"<div style=\"width: 600px;\" class=\"wp-video\"><video class=\"wp-video-shortcode\" id=\"video-111-1\" width=\"600\" height=\"330\" preload=\"metadata\" controls=\"controls\"><source type=\"video\/mp4\" src=\"https:\/\/danielceron.fr\/karamar\/wp-content\/uploads\/2021\/10\/CoursZoom.mp4?_=1\" \/><a href=\"https:\/\/danielceron.fr\/karamar\/wp-content\/uploads\/2021\/10\/CoursZoom.mp4\">https:\/\/danielceron.fr\/karamar\/wp-content\/uploads\/2021\/10\/CoursZoom.mp4<\/a><\/video><\/div>\n<p><\/p>\n<p>Cours Via Zoom \/ Classes via Zoom. &nbsp;<\/p>\n<h1>&nbsp;<\/h1>\n<h1>&nbsp;<\/h1>\n<div style=\"width: 600px;\" class=\"wp-video\"><video class=\"wp-video-shortcode\" id=\"video-111-2\" width=\"600\" height=\"330\" preload=\"metadata\" controls=\"controls\"><source type=\"video\/mp4\" src=\"https:\/\/danielceron.fr\/karamar\/wp-content\/uploads\/2021\/03\/PortraitDaniel.mp4?_=2\" \/><a href=\"https:\/\/danielceron.fr\/karamar\/wp-content\/uploads\/2021\/03\/PortraitDaniel.mp4\">https:\/\/danielceron.fr\/karamar\/wp-content\/uploads\/2021\/03\/PortraitDaniel.mp4<\/a><\/video><\/div>\n<p><\/p>\n<h1>&nbsp;<\/h1>\n<h1>&nbsp;<\/h1>\n\n\n<p><\/p>\n\n\n\n<p><\/p>\n\n\n\n<p><\/p>\n\n\n\n<p><h1>FR3 JT 12\/13 &#8211; Limousin Diffusion du 06\/07\/2022 S\u00e9rie Karat\u00e9, une passion familiale.                                   <\/h1><br><br><\/h1>\n\n\n<p><\/p>\n<div style=\"width: 600px;\" class=\"wp-video\"><video class=\"wp-video-shortcode\" id=\"video-111-3\" width=\"600\" height=\"330\" preload=\"metadata\" controls=\"controls\"><source type=\"video\/mp4\" src=\"https:\/\/danielceron.fr\/karamar\/wp-content\/uploads\/2022\/07\/FR3_06072022.mp4?_=3\" \/><a href=\"https:\/\/danielceron.fr\/karamar\/wp-content\/uploads\/2022\/07\/FR3_06072022.mp4\">https:\/\/danielceron.fr\/karamar\/wp-content\/uploads\/2022\/07\/FR3_06072022.mp4<\/a><\/video><\/div>\n\n\n<p><h1><br><br><\/h1><\/p>\n\n\n\n<p><\/p>\n\n\n\n<p><h1><\/h1><\/p>\n\n\n\n<p><\/p>\n\n\n\n<p><h1><\/h1><\/p>\n\n\n\n<p><\/p>\n\n\n\n<p><p><iframe loading=\"lazy\" title=\"Kata HAFFA\" width=\"600\" height=\"338\" src=\"https:\/\/www.youtube.com\/embed\/eWRO_MIMR1w?feature=oembed\" frameborder=\"0\" allow=\"accelerometer; autoplay; clipboard-write; encrypted-media; gyroscope; picture-in-picture; web-share\" referrerpolicy=\"strict-origin-when-cross-origin\" allowfullscreen><\/iframe><\/p>\n\n\n\n<p><iframe loading=\"lazy\" title=\"KATA SANZAN\" width=\"600\" height=\"338\" src=\"https:\/\/www.youtube.com\/embed\/2TtCxP2Cn0k?feature=oembed\" frameborder=\"0\" allow=\"accelerometer; autoplay; clipboard-write; encrypted-media; gyroscope; picture-in-picture; web-share\" referrerpolicy=\"strict-origin-when-cross-origin\" allowfullscreen><\/iframe><\/p>\n\n\n\n<p><a href=\"https:\/\/youtube.be\/shorts\/Se_WFngery8\">https:\/\/youtube.be\/shorts\/Se_WFngery8<\/a><\/p>\n\n\n\n<p><iframe loading=\"lazy\" title=\"KATA HAKUCYO\" width=\"600\" height=\"338\" src=\"https:\/\/www.youtube.com\/embed\/M_YmJOHfSvs?feature=oembed\" frameborder=\"0\" allow=\"accelerometer; autoplay; clipboard-write; encrypted-media; gyroscope; picture-in-picture; web-share\" referrerpolicy=\"strict-origin-when-cross-origin\" allowfullscreen><\/iframe><\/p>\n\n\n\n<p><iframe loading=\"lazy\" title=\"Le &quot;Yoi&quot;  2   Daniel Ceron\" width=\"600\" height=\"338\" src=\"https:\/\/www.youtube.com\/embed\/mDvT8ZP-CMg?feature=oembed\" frameborder=\"0\" allow=\"accelerometer; autoplay; clipboard-write; encrypted-media; gyroscope; picture-in-picture; web-share\" referrerpolicy=\"strict-origin-when-cross-origin\" allowfullscreen><\/iframe><\/p>\n<p><iframe loading=\"lazy\" title=\"Karat\u00e9 Shito -ryu Tulle .\" width=\"600\" height=\"338\" src=\"https:\/\/www.youtube.com\/embed\/06NOb1grDuk?feature=oembed\" frameborder=\"0\" allow=\"accelerometer; autoplay; clipboard-write; encrypted-media; gyroscope; picture-in-picture; web-share\" referrerpolicy=\"strict-origin-when-cross-origin\" allowfullscreen><\/iframe><\/p>\n<p><iframe loading=\"lazy\" title=\"Daniel CERON     Qi- Qong Tulle ,Seilhac\" width=\"600\" height=\"338\" src=\"https:\/\/www.youtube.com\/embed\/H57pYJowyDg?feature=oembed\" frameborder=\"0\" allow=\"accelerometer; autoplay; clipboard-write; encrypted-media; gyroscope; picture-in-picture; web-share\" referrerpolicy=\"strict-origin-when-cross-origin\" allowfullscreen><\/iframe><\/p>\n<p><iframe loading=\"lazy\" title=\"Sensei Hidetoshi Nakahashi - Kata Nipaipo &amp; Bunkai\" width=\"600\" height=\"450\" src=\"https:\/\/www.youtube.com\/embed\/OXmZhIa107A?feature=oembed\" frameborder=\"0\" allow=\"accelerometer; autoplay; clipboard-write; encrypted-media; gyroscope; picture-in-picture; web-share\" referrerpolicy=\"strict-origin-when-cross-origin\" allowfullscreen><\/iframe><\/p>\n\n\n\n<div style=\"width: 600px;\" class=\"wp-video\"><video class=\"wp-video-shortcode\" id=\"video-111-4\" width=\"600\" height=\"338\" preload=\"metadata\" controls=\"controls\"><source type=\"video\/mp4\" src=\"https:\/\/danielceron.fr\/karamar\/wp-content\/uploads\/2021\/03\/application%20soke%20mabuni.mp4?_=4\" \/><a href=\"https:\/\/danielceron.fr\/karamar\/wp-content\/uploads\/2021\/03\/application%20soke%20mabuni.mp4\">https:\/\/danielceron.fr\/karamar\/wp-content\/uploads\/2021\/03\/application%20soke%20mabuni.mp4<\/a><\/video><\/div>\n\n\n\n\n\n\n\n\n\n\n\n\n\n\n\n\n\n\n\n<p>\u00ab DENTO SHITO-RYU \u00bb<br>Le karat\u00e9 de la famille Mabuni<br>La famille Mabuni, dont le soke fondateur est Ken-wa Mabuni, cr\u00e9e le c\u00e9l\u00e8bre style de karat\u00e9 Shito-ryu. Cette m\u00e9thode de karat\u00e9 a pour but ultime l&rsquo;efficacit\u00e9, la sant\u00e9 et le bien-\u00eatre<br>Lorsque nous regardions Ma\u00eetre Mabuni Ken-ei ex\u00e9cuter les techniques, nous ne pouvions voir que des actions flexibles, efficaces et belles.<br>yo ryu bi<br>Une technique parfaite doit avoir trois \u00e9l\u00e9ments.<br>Il faut avant tout que ce soit pratique (Yo). Sinon, \u00e0 quoi sert de faire une technique ? La technique doit simplement \u00eatre pratique.<br>Elle doit alors \u00eatre fluide (Ryu), donc bloquer la technique \u00ab\u00a0stop\u00a0\u00bb (articulations) ruinerait l&rsquo;action.<br>(Bi) Beau, il ne viendra que si les deux principes pr\u00e9c\u00e9dents ont \u00e9t\u00e9 respect\u00e9s.<br>Depuis \u00ab\u00a0Dento Shito-Ryu\u00a0\u00bb, nous continuons \u00e0 travailler pour maintenir et partager cette philosophie de travail, en \u00e9tudiant et en recherchant les origines de la famille Mabuni. .<br>Notre \u00e9tude se penche sur l&rsquo;utilisation correcte du corps pour atteindre (Yo-Ryu-Bi).<br>Axe de travail qui d\u00e9coule d&rsquo;un t\u00e9moignage oral de Ma\u00eetre Mabuni Ken-ei sur 3 principes, le karat\u00e9 doit \u00eatre : efficace, procurer sant\u00e9 et bien-\u00eatre.<br>\uf0d8 Efficacit\u00e9 ; compris comme atteindre l&rsquo;objectif avec une utilisation minimale des ressources corporelles et, par cons\u00e9quent, de l&rsquo;\u00e9nergie. Ceci passe par une \u00e9tude correcte des mouvements du corps, pour cela : la technique doit \u00eatre simple, souple et avec une grande mobilit\u00e9, sans blocages articulaires.<br>\uf0d8 Sant\u00e9 ; l&rsquo;utilisation correcte du corps, en d\u00e9veloppant une p\u00e9dagogie qui garantit un enseignement correct de l&rsquo;ex\u00e9cution des diff\u00e9rentes techniques. Avec une pratique correcte, nous atteindrons la maturit\u00e9 en \u00e9vitant les blessures et les limitations en nous sentant flexibles et avec une grande mobilit\u00e9<br>\uf0d8 Bien-\u00eatre; Cela nous rapproche d&rsquo;une pratique qui n&rsquo;est pas nocive \u00e0 court ou \u00e0 long terme, de sorte que, dans la dur\u00e9e, \u00e0 des \u00e2ges avanc\u00e9s, le maintien d&rsquo;un bon \u00e9tat de forme.<br>La pratique<br>On s&rsquo;appuie sur une simple r\u00e9flexion, un geste fonctionne ou non.<br>L&rsquo;objectif de la pratique du \u00ab Dento Shito-ryu \u00bb est d&rsquo;am\u00e9liorer la qualit\u00e9 de la forme technique existante afin d&rsquo;acc\u00e9der \u00e0 des connaissances de fond.<br>Cette pratique permet : une prise de conscience technique du \u00ab Hara \u00bb, \u00ab Koshi \u00bb.<br>Elle permet :<br>&#8211; lib\u00e9rer le corps de toutes les tensions inutiles<br>&#8211; augmenter la force des jambes et du dos<br>cr\u00e9er un enracinement<br>am\u00e9liorer la vitesse et la puissance des techniques<br>apporter calme \u00e9motionnel et confiance en soi<br>\u00ab\u00a0Dent\u014d Shito-ryu\u00a0\u00bb<br>\uf0d8 \u00c9tude de l&rsquo;\u00e9cole Mabuni Shito-ryu<br>\uf0d8 Partager nos connaissances<br>\uf0d8 Harmoniser la m\u00e9thode Mabuni<br>\uf0d8 Transmettre la philosophie Mabuni<\/p><\/p>\n","protected":false},"excerpt":{"rendered":"<p>Cours Via Zoom \/ Classes via Zoom. &nbsp; &nbsp; &nbsp; &nbsp; &nbsp; FR3 JT 12\/13 &#8211; Limousin Diffusion du 06\/07\/2022 S\u00e9rie Karat\u00e9, une passion familiale. \u00ab DENTO SHITO-RYU \u00bbLe karat\u00e9 de la famille MabuniLa famille Mabuni, dont le soke fondateur est Ken-wa Mabuni, cr\u00e9e le c\u00e9l\u00e8bre style de karat\u00e9 Shito-ryu.<a href=\"https:\/\/danielceron.fr\/karamar\/index.php\/medias\/videos\/\" class=\"read-more\">Read More&#8230;<\/a><\/p>\n","protected":false},"author":1,"featured_media":0,"parent":105,"menu_order":2,"comment_status":"closed","ping_status":"closed","template":"fullwidth.php","meta":{"footnotes":""},"class_list":["post-111","page","type-page","status-publish","hentry"],"_links":{"self":[{"href":"https:\/\/danielceron.fr\/karamar\/index.php\/wp-json\/wp\/v2\/pages\/111","targetHints":{"allow":["GET"]}}],"collection":[{"href":"https:\/\/danielceron.fr\/karamar\/index.php\/wp-json\/wp\/v2\/pages"}],"about":[{"href":"https:\/\/danielceron.fr\/karamar\/index.php\/wp-json\/wp\/v2\/types\/page"}],"author":[{"embeddable":true,"href":"https:\/\/danielceron.fr\/karamar\/index.php\/wp-json\/wp\/v2\/users\/1"}],"replies":[{"embeddable":true,"href":"https:\/\/danielceron.fr\/karamar\/index.php\/wp-json\/wp\/v2\/comments?post=111"}],"version-history":[{"count":12,"href":"https:\/\/danielceron.fr\/karamar\/index.php\/wp-json\/wp\/v2\/pages\/111\/revisions"}],"predecessor-version":[{"id":416,"href":"https:\/\/danielceron.fr\/karamar\/index.php\/wp-json\/wp\/v2\/pages\/111\/revisions\/416"}],"up":[{"embeddable":true,"href":"https:\/\/danielceron.fr\/karamar\/index.php\/wp-json\/wp\/v2\/pages\/105"}],"wp:attachment":[{"href":"https:\/\/danielceron.fr\/karamar\/index.php\/wp-json\/wp\/v2\/media?parent=111"}],"curies":[{"name":"wp","href":"https:\/\/api.w.org\/{rel}","templated":true}]}}