{"id":43,"date":"2021-03-11T19:04:29","date_gmt":"2021-03-11T18:04:29","guid":{"rendered":"https:\/\/danielceron.fr\/karamar\/?page_id=43"},"modified":"2025-06-02T15:40:33","modified_gmt":"2025-06-02T13:40:33","slug":"biographie","status":"publish","type":"page","link":"https:\/\/danielceron.fr\/karamar\/index.php\/biographie\/","title":{"rendered":"BIOGRAPHIE"},"content":{"rendered":"\n<p><h1><strong><em>Sensei Daniel CERON<\/em><\/strong><\/h1><\/p>\n\n\n<div class=\"wp-block-image\">\n<figure class=\"aligncenter size-large\"><img loading=\"lazy\" decoding=\"async\" width=\"558\" height=\"1024\" src=\"https:\/\/danielceron.fr\/karamar\/wp-content\/uploads\/2021\/07\/Daniel_24072021-558x1024.jpeg\" alt=\"\" class=\"wp-image-177\" srcset=\"https:\/\/danielceron.fr\/karamar\/wp-content\/uploads\/2021\/07\/Daniel_24072021-558x1024.jpeg 558w, https:\/\/danielceron.fr\/karamar\/wp-content\/uploads\/2021\/07\/Daniel_24072021-164x300.jpeg 164w, https:\/\/danielceron.fr\/karamar\/wp-content\/uploads\/2021\/07\/Daniel_24072021-768x1409.jpeg 768w, https:\/\/danielceron.fr\/karamar\/wp-content\/uploads\/2021\/07\/Daniel_24072021-837x1536.jpeg 837w, https:\/\/danielceron.fr\/karamar\/wp-content\/uploads\/2021\/07\/Daniel_24072021-300x550.jpeg 300w, https:\/\/danielceron.fr\/karamar\/wp-content\/uploads\/2021\/07\/Daniel_24072021.jpeg 872w\" sizes=\"auto, (max-width: 558px) 100vw, 558px\" \/><\/figure>\n<\/div>\n\n\n<p class=\"has-text-align-left\"><strong>14 D\u00e9cembre 1962 : naissance \u00e0 Paris.<\/strong><\/p>\n\n\n\n<p><strong>1979 :&nbsp; Il d\u00e9bute le karat\u00e9.<\/strong><\/p>\n\n\n\n<p><strong>1988 :&nbsp; DIF.<\/strong><\/p>\n\n\n\n<p><strong>1992 :&nbsp; Dipl\u00f4m\u00e9 d\u2019Etat.<\/strong><\/p>\n\n\n\n<p><strong>Enseigne le QI GONG et pratique le shiatsu tuina (m\u00e9decine chinoise).<\/strong><\/p>\n\n\n\n<p><strong>1996 :&nbsp; Juge National kata.<\/strong><\/p>\n\n\n\n<p><strong>1998 :&nbsp;&nbsp; Dipl\u00f4me (uchi dechi) Shito Ryu Karat\u00e9-Do&nbsp; re\u00e7u de Maitre MABUNI.<\/strong><\/p>\n\n\n\n<p><strong>De 1998 \u00e0 2000 : Assistant de Maitre Hidetoshi NAKAHASHI en Corse.<\/strong><\/p>\n\n\n\n<p><strong>Responsable des grades en Corse.<\/strong><\/p>\n\n\n\n<p><strong>2005 :&nbsp; Assistant de Maitre Hidetoshi &nbsp;NAKAHASHI dans 4 CD-ROM et 4 DVD<\/strong><br><strong>\u00ab\u00a0Shito-ryu Karat\u00e9-Do&nbsp; Kata et Bunka\u00ef\u00a0\u00bb Volumes 1, 2, 3 et 4.<\/strong><br><strong>(Sport production multimedia).<\/strong><\/p>\n\n\n\n<p><strong>Janvier 2006 : Parution du livre de karat\u00e9 do shito-ryu :\u00ab La voie de la&nbsp;tradition \u00bb par<\/strong><br><strong>ma\u00eetre Hidetoshi NAKAHASHI assist\u00e9 de Daniel CERON&nbsp;pour les bunkai&nbsp; avec<\/strong><br><strong>la participation exceptionnelle de S\u00f4ke MABUNI Kene\u00ee.<\/strong><\/p>\n\n\n\n<p><strong>Samedi 25 mars 2006 : Ma\u00eetre Hidetoshi NAKAHASHI et Daniel CERON ont particip\u00e9<\/strong><br><strong>devant 15 000 spectateurs \u00e0 une d\u00e9monstration de kata et bunkai&nbsp; lors du 21\u00e8me<\/strong><br><strong>festival des arts martiaux \u00e0 PARIS Bercy.<\/strong><\/p>\n\n\n\n<p><strong>Le 5 juin 2009 :&nbsp;Sensei Daniel CERON a obtenu son 6\u00e8me Dan.<\/strong><\/p>\n\n\n\n<p><strong>12 octobre 2009 : Dip\u00f4me d&rsquo;Etat de la Jeunesse, de l&rsquo;Education Populaire et du Sport.<\/strong><\/p>\n\n\n\n<p><strong>Novembre 2010 : Cr\u00e9ation de l&rsquo;application Iphone et Ipad Karat\u00e9 Shito-Ryu Apple Store<\/strong><br><strong>(1\u00e8re Mondiale).<\/strong><\/p>\n\n\n\n<p><strong>Le 6 .01 2017 (7\u00e9me Dan ) FFKDA<\/strong><\/p>\n\n\n\n<p><strong>Le 23 Mai 2025, ce jour porte le grade de 8\u00e8me DAN FFKDA<\/strong><\/p>\n\n\n\n<p>Responsable des grades ligue Aquitaine .<\/p>\n\n\n\n<p>Expert de Karat\u00e9  regions Aquitaine .<\/p>\n\n\n\n<p><strong>Expert en Qi Gong travail interne du Karat\u00e9 . (Shendao ).<\/strong><\/p>\n\n\n\n<p><\/p>\n","protected":false},"excerpt":{"rendered":"<p>Sensei Daniel CERON 14 D\u00e9cembre 1962 : naissance \u00e0 Paris. 1979 :&nbsp; Il d\u00e9bute le karat\u00e9. 1988 :&nbsp; DIF. 1992 :&nbsp; Dipl\u00f4m\u00e9 d\u2019Etat. Enseigne le QI GONG et pratique le shiatsu tuina (m\u00e9decine chinoise). 1996 :&nbsp; Juge National kata. 1998 :&nbsp;&nbsp; Dipl\u00f4me (uchi dechi) Shito Ryu Karat\u00e9-Do&nbsp; re\u00e7u de Maitre<a href=\"https:\/\/danielceron.fr\/karamar\/index.php\/biographie\/\" class=\"read-more\">Read More&#8230;<\/a><\/p>\n","protected":false},"author":1,"featured_media":0,"parent":0,"menu_order":2,"comment_status":"closed","ping_status":"closed","template":"fullwidth.php","meta":{"footnotes":""},"class_list":["post-43","page","type-page","status-publish","hentry"],"_links":{"self":[{"href":"https:\/\/danielceron.fr\/karamar\/index.php\/wp-json\/wp\/v2\/pages\/43","targetHints":{"allow":["GET"]}}],"collection":[{"href":"https:\/\/danielceron.fr\/karamar\/index.php\/wp-json\/wp\/v2\/pages"}],"about":[{"href":"https:\/\/danielceron.fr\/karamar\/index.php\/wp-json\/wp\/v2\/types\/page"}],"author":[{"embeddable":true,"href":"https:\/\/danielceron.fr\/karamar\/index.php\/wp-json\/wp\/v2\/users\/1"}],"replies":[{"embeddable":true,"href":"https:\/\/danielceron.fr\/karamar\/index.php\/wp-json\/wp\/v2\/comments?post=43"}],"version-history":[{"count":12,"href":"https:\/\/danielceron.fr\/karamar\/index.php\/wp-json\/wp\/v2\/pages\/43\/revisions"}],"predecessor-version":[{"id":714,"href":"https:\/\/danielceron.fr\/karamar\/index.php\/wp-json\/wp\/v2\/pages\/43\/revisions\/714"}],"wp:attachment":[{"href":"https:\/\/danielceron.fr\/karamar\/index.php\/wp-json\/wp\/v2\/media?parent=43"}],"curies":[{"name":"wp","href":"https:\/\/api.w.org\/{rel}","templated":true}]}}