{"id":52,"date":"2021-03-11T19:39:33","date_gmt":"2021-03-11T18:39:33","guid":{"rendered":"https:\/\/danielceron.fr\/karamar\/?page_id=52"},"modified":"2025-09-05T19:57:51","modified_gmt":"2025-09-05T17:57:51","slug":"qi-gong","status":"publish","type":"page","link":"https:\/\/danielceron.fr\/karamar\/index.php\/qi-gong\/","title":{"rendered":"QI GONG"},"content":{"rendered":"\n<h1 class=\"wp-block-heading\">Avec Daniel CERON Professeur 8 \u00e9me dan DEJEPS<\/h1>\n\n\n\n<h1 class=\"wp-block-heading\">D\u00e9couverte du Qi Gong (Cours d\u00e9butants et interm\u00e9diaires avanc\u00e9s)<\/h1>\n\n\n<div class=\"wp-block-image\">\n<figure class=\"aligncenter size-large\"><img loading=\"lazy\" decoding=\"async\" width=\"753\" height=\"1024\" src=\"https:\/\/danielceron.fr\/karamar\/wp-content\/uploads\/2025\/09\/QiQong2025-753x1024.jpg\" alt=\"\" class=\"wp-image-679\" srcset=\"https:\/\/danielceron.fr\/karamar\/wp-content\/uploads\/2025\/09\/QiQong2025-753x1024.jpg 753w, https:\/\/danielceron.fr\/karamar\/wp-content\/uploads\/2025\/09\/QiQong2025-221x300.jpg 221w, https:\/\/danielceron.fr\/karamar\/wp-content\/uploads\/2025\/09\/QiQong2025-768x1044.jpg 768w, https:\/\/danielceron.fr\/karamar\/wp-content\/uploads\/2025\/09\/QiQong2025-1130x1536.jpg 1130w, https:\/\/danielceron.fr\/karamar\/wp-content\/uploads\/2025\/09\/QiQong2025-300x408.jpg 300w, https:\/\/danielceron.fr\/karamar\/wp-content\/uploads\/2025\/09\/QiQong2025.jpg 1204w\" sizes=\"auto, (max-width: 753px) 100vw, 753px\" \/><\/figure>\n<\/div>\n\n\n<p><\/p>\n\n\n<div class=\"wp-block-image\">\n<figure class=\"aligncenter size-large\"><img loading=\"lazy\" decoding=\"async\" width=\"1024\" height=\"741\" src=\"https:\/\/danielceron.fr\/karamar\/wp-content\/uploads\/2021\/03\/QI-GONG_2020-1024x741-1.jpg\" alt=\"\" class=\"wp-image-54\" srcset=\"https:\/\/danielceron.fr\/karamar\/wp-content\/uploads\/2021\/03\/QI-GONG_2020-1024x741-1.jpg 1024w, https:\/\/danielceron.fr\/karamar\/wp-content\/uploads\/2021\/03\/QI-GONG_2020-1024x741-1-300x217.jpg 300w, https:\/\/danielceron.fr\/karamar\/wp-content\/uploads\/2021\/03\/QI-GONG_2020-1024x741-1-768x556.jpg 768w\" sizes=\"auto, (max-width: 1024px) 100vw, 1024px\" \/><\/figure>\n<\/div>\n\n\n<p><\/p>\n\n<p><\/p>\n<!-- \/wp:post-content -->\n\n<!-- wp:file {\"id\":570,\"href\":\"https:\/\/danielceron.fr\/karamar\/wp-content\/uploads\/2024\/08\/FICHE-D-INSCRIPTION-2025-2026.pdf\",\"displayPreview\":true,\"align\":\"center\"} -->\n<div class=\"wp-block-file aligncenter\"><object class=\"wp-block-file__embed\" data=\"https:\/\/danielceron.fr\/karamar\/wp-content\/uploads\/2024\/08\/FICHE-D-INSCRIPTION-2025-2026.pdf\" type=\"application\/pdf\" style=\"width:100%;height:600px\" aria-label=\"FICHE D INSCRIPTION 2025 2026\"><\/object><a id=\"wp-block-file--media-736f8697-8b2f-480e-8e55-45239046fd29\" href=\"https:\/\/danielceron.fr\/karamar\/wp-content\/uploads\/2024\/08\/FICHE-D-INSCRIPTION-2025-2026.pdf\">FICHE D INSCRIPTION 2025 2026<\/a><a href=\"https:\/\/danielceron.fr\/karamar\/wp-content\/uploads\/2024\/08\/FICHE-D-INSCRIPTION-2025-2026.pdf\" class=\"wp-block-file__button wp-element-button\" download aria-describedby=\"wp-block-file--media-736f8697-8b2f-480e-8e55-45239046fd29\">T\u00e9l\u00e9charger<\/a><\/div>\n<!-- \/wp:file -->\n","protected":false},"excerpt":{"rendered":"<p>Avec Daniel CERON Professeur 8 \u00e9me dan DEJEPS D\u00e9couverte du Qi Gong (Cours d\u00e9butants et interm\u00e9diaires avanc\u00e9s) FICHE D INSCRIPTION 2025 2026T\u00e9l\u00e9charger<\/p>\n","protected":false},"author":1,"featured_media":0,"parent":0,"menu_order":4,"comment_status":"closed","ping_status":"closed","template":"fullwidth.php","meta":{"footnotes":""},"class_list":["post-52","page","type-page","status-publish","hentry"],"_links":{"self":[{"href":"https:\/\/danielceron.fr\/karamar\/index.php\/wp-json\/wp\/v2\/pages\/52","targetHints":{"allow":["GET"]}}],"collection":[{"href":"https:\/\/danielceron.fr\/karamar\/index.php\/wp-json\/wp\/v2\/pages"}],"about":[{"href":"https:\/\/danielceron.fr\/karamar\/index.php\/wp-json\/wp\/v2\/types\/page"}],"author":[{"embeddable":true,"href":"https:\/\/danielceron.fr\/karamar\/index.php\/wp-json\/wp\/v2\/users\/1"}],"replies":[{"embeddable":true,"href":"https:\/\/danielceron.fr\/karamar\/index.php\/wp-json\/wp\/v2\/comments?post=52"}],"version-history":[{"count":20,"href":"https:\/\/danielceron.fr\/karamar\/index.php\/wp-json\/wp\/v2\/pages\/52\/revisions"}],"predecessor-version":[{"id":683,"href":"https:\/\/danielceron.fr\/karamar\/index.php\/wp-json\/wp\/v2\/pages\/52\/revisions\/683"}],"wp:attachment":[{"href":"https:\/\/danielceron.fr\/karamar\/index.php\/wp-json\/wp\/v2\/media?parent=52"}],"curies":[{"name":"wp","href":"https:\/\/api.w.org\/{rel}","templated":true}]}}