{"id":612,"date":"2025-03-01T12:15:41","date_gmt":"2025-03-01T11:15:41","guid":{"rendered":"https:\/\/danielceron.fr\/karamar\/?page_id=612"},"modified":"2025-03-01T12:25:57","modified_gmt":"2025-03-01T11:25:57","slug":"karate-shito-ryu-privacy-policy-politique-de-confidentialite","status":"publish","type":"page","link":"https:\/\/danielceron.fr\/karamar\/index.php\/karate-shito-ryu-privacy-policy-politique-de-confidentialite\/","title":{"rendered":"KARATE SHITO-RYU : Privacy policy Politique de confidentialit\u00e9"},"content":{"rendered":"<p><\/p>\n<h2> Confidentiality agreement<br>\n<\/h2>\n<p><strong>Collection and use of user data : No collection and use of personal data.<\/strong><\/p>\n<p><strong>Collection and use of non-user data : No collection and use of non-personal data.<\/strong><\/p>\n<p><strong>Cookies and other technologies : none.<\/strong><\/p>\n<p><strong>Automated Decision Making and Profiling : No decisions involving the use of algorithms or profiling.<\/strong><\/p>\n<p><strong>Geolocation services : no collection of location data.<\/strong><\/p>\n<p><strong>International and national transfers : none.<\/strong><\/p>\n<p><strong>Application purchase : none.<\/strong><\/p>\n<\/p>\n<p><strong>Developer information : Daniel CERON.<\/strong><\/p>\n<p><strong>For any information or application support requests, please call this number :\nDaniel Ceron : +33 6.42.42.84.43<\/strong><\/p>\n\n<p><\/p>\n\n<p><\/p>\n<h2> Accord de confidentialit\u00e9\n<br>\n<\/h2>\n<p><strong>Collecte et utilisation des donn\u00e9es des utilisateurs : Aucune collecte et utilisation de donn\u00e9es personnelles.<\/strong><\/p>\n<p><strong>Collecte et utilisation de donn\u00e9es non-utilisateurs : Aucune collecte et utilisation de donn\u00e9es non personnelles.<\/strong><\/p>\n<p><strong>Cookies et autres technologies : aucune.\n<\/strong><\/p>\n<p><strong>Prise de d\u00e9cision et profilage automatis\u00e9s : aucune d\u00e9cision impliquant l\u2019utilisation d\u2019algorithmes ou de profilage.<\/strong><\/p>\n<p><strong>Services de g\u00e9olocalisation : pas de collecte de donn\u00e9es de localisation.<\/strong><\/p>\n<p><strong>Virements internationaux et nationaux : aucun.<\/strong><\/p>\n<p><strong>Achat dans l&rsquo;application : aucun.<\/strong><\/p>\n<\/p>\n<p><strong>Informations d\u00e9veloppeur : Daniel CERON.<\/strong><\/p>\n<p><strong>Pour toute information ou demande d\u2019assistance applicative, veuillez appeler ce num\u00e9ro :\nDaniel C\u00e9ron : 06.42.42.84.43<\/strong><\/p>\n\n<p><\/p>\n\n\n\n\n<p><\/p>.<!-- \/wp:post-content -->","protected":false},"excerpt":{"rendered":"<p>Confidentiality agreement Collection and use of user data : No collection and use of personal data. Collection and use of non-user data : No collection and use of non-personal data. Cookies and other technologies : none. Automated Decision Making and Profiling : No decisions involving the use of algorithms or<a href=\"https:\/\/danielceron.fr\/karamar\/index.php\/karate-shito-ryu-privacy-policy-politique-de-confidentialite\/\" class=\"read-more\">Read More&#8230;<\/a><\/p>\n","protected":false},"author":1,"featured_media":0,"parent":0,"menu_order":13,"comment_status":"closed","ping_status":"closed","template":"","meta":{"footnotes":""},"class_list":["post-612","page","type-page","status-publish","hentry"],"_links":{"self":[{"href":"https:\/\/danielceron.fr\/karamar\/index.php\/wp-json\/wp\/v2\/pages\/612","targetHints":{"allow":["GET"]}}],"collection":[{"href":"https:\/\/danielceron.fr\/karamar\/index.php\/wp-json\/wp\/v2\/pages"}],"about":[{"href":"https:\/\/danielceron.fr\/karamar\/index.php\/wp-json\/wp\/v2\/types\/page"}],"author":[{"embeddable":true,"href":"https:\/\/danielceron.fr\/karamar\/index.php\/wp-json\/wp\/v2\/users\/1"}],"replies":[{"embeddable":true,"href":"https:\/\/danielceron.fr\/karamar\/index.php\/wp-json\/wp\/v2\/comments?post=612"}],"version-history":[{"count":8,"href":"https:\/\/danielceron.fr\/karamar\/index.php\/wp-json\/wp\/v2\/pages\/612\/revisions"}],"predecessor-version":[{"id":620,"href":"https:\/\/danielceron.fr\/karamar\/index.php\/wp-json\/wp\/v2\/pages\/612\/revisions\/620"}],"wp:attachment":[{"href":"https:\/\/danielceron.fr\/karamar\/index.php\/wp-json\/wp\/v2\/media?parent=612"}],"curies":[{"name":"wp","href":"https:\/\/api.w.org\/{rel}","templated":true}]}}