{"id":66,"date":"2021-03-12T10:30:12","date_gmt":"2021-03-12T09:30:12","guid":{"rendered":"https:\/\/danielceron.fr\/karamar\/?page_id=66"},"modified":"2022-01-04T15:19:45","modified_gmt":"2022-01-04T14:19:45","slug":"shiatsu-tuina","status":"publish","type":"page","link":"https:\/\/danielceron.fr\/karamar\/index.php\/shiatsu-tuina\/","title":{"rendered":"Shiatsu Tuina"},"content":{"rendered":"\n<figure class=\"wp-block-image size-large\"><img loading=\"lazy\" decoding=\"async\" width=\"1024\" height=\"735\" src=\"https:\/\/danielceron.fr\/karamar\/wp-content\/uploads\/2021\/03\/10707462_10204409381301915_940549345_o-1024x735-1.jpg\" alt=\"\" class=\"wp-image-67\" srcset=\"https:\/\/danielceron.fr\/karamar\/wp-content\/uploads\/2021\/03\/10707462_10204409381301915_940549345_o-1024x735-1.jpg 1024w, https:\/\/danielceron.fr\/karamar\/wp-content\/uploads\/2021\/03\/10707462_10204409381301915_940549345_o-1024x735-1-300x215.jpg 300w, https:\/\/danielceron.fr\/karamar\/wp-content\/uploads\/2021\/03\/10707462_10204409381301915_940549345_o-1024x735-1-768x551.jpg 768w\" sizes=\"auto, (max-width: 1024px) 100vw, 1024px\" \/><\/figure>\n\n\n<h1><strong>D\u00e9finition du Shiatsu<\/strong><\/h1>\n<p><strong>Le Shiatsu est une discipline \u00e9nerg\u00e9tique traditionnelle d\u2019origine japonaise. Elle consiste \u00e0 proc\u00e9der \u00e0 des \u00e9tirements, des pressions sur certains points de fa\u00e7on \u00e0 faciliter la libre circulation de l\u2019\u00e9nergie.<\/strong><br><strong> Se pratiquant sur une personne habill\u00e9e de v\u00eatements souples, le Shiatsu ne peut \u00eatre consid\u00e9r\u00e9 comme un massage.<\/strong><br><strong> Ni massage, ni id\u00e9ologie, ni m\u00e9decine au sens occidental du terme, le Shiatsu est une m\u00e9thode de relaxation et de \u00ab bien \u00eatre \u00bb s\u2019inscrivant dans le domaine de la PREVENTION.<\/strong><\/p>\n<h1><strong>Comment agit le shiatsu<\/strong><\/h1>\n<p><strong>Le praticien en Shiatsu effectue des pressions avec les doigts, plus particuli\u00e8rement avec les pouces. Ces pressions sont effectu\u00e9es sur des zones ou des trajets sp\u00e9cifiques situ\u00e9s le long des m\u00e9ridiens d\u2019acupuncture. De plus, des \u00e9tirements favorisent une meilleure circulation de l\u2019\u00e9nergie.<\/strong><br><strong> Sans effets secondaires, le Shiatsu am\u00e9liore la souplesse des tissus musculaires, facilite le fonctionnement harmonieux du syst\u00e8me nerveux ainsi que celui des glandes endocrines, stimule enfin la circulation du sang et de la lymphe.<\/strong><\/p>\n<h1><strong>Qui peut b\u00e9n\u00e9ficier du Shiatsu, ou l\u2019apprendre<\/strong><\/h1>\n<p><strong>Nous serions tent\u00e9s d\u2019utiliser la formule d\u2019une bande dessin\u00e9e fameuse, \u00ab tout le monde de 7 \u00e0 77 ans \u00bb, sous r\u00e9serve toutefois de l\u2019existence de maladies ou malformations qui doivent rester du strict ressort du m\u00e9decin.<\/strong><br><strong> Exerc\u00e9 par un praticien certifi\u00e9, le Shiatsu contribuera au maintien de votre sant\u00e9 et de votre \u00e9quilibre.<\/strong><\/p>\n<h1><strong>Shiatsu et les pratiquants d\u2019arts martiaux<\/strong><\/h1>\n<p><strong>Trois explications s\u2019offrent \u00e0 nous :<\/strong><\/p>\n<ul>\n<li><strong>Ces pratiquants avaient une tr\u00e8s grande exp\u00e9rience des traitements des blessures car ils leur \u00e9tait absolument n\u00e9cessaire de savoir se soigner entre eux ; le massage Tui Na \u00e9tait la m\u00e9thode principale de traitement et son \u00e9tude \u00e9tait g\u00e9n\u00e9ralement obligatoire.<\/strong><\/li>\n<li><strong>Le massage \u00e9tait la meilleure fa\u00e7on pour eux de se d\u00e9barrasser de la fatigue et de l\u2019acide lactique accumul\u00e9s dans les muscles, apr\u00e8s un entra\u00eenement long et \u00e9prouvant ; non seulement le fait de se masser entre eux aidait les pratiquants d\u2019arts martiaux \u00e0 r\u00e9cup\u00e9rer, mais il leur permettait en plus de comprendre la structure du corps et le syst\u00e8me de circulation du chi, ce qui rev\u00eatait une grande importance pour le combat. Les pratiquants d\u2019arts martiaux \u00e9taient donc souvent des experts en massage g\u00e9n\u00e9ral et en relaxation.<\/strong><\/li>\n<li><strong>Le d\u00e9veloppement du massage dans le monde des arts martiaux s\u2019explique aussi parce qu\u2019il enseignait la localisation exacte des points vitaux. Parce que ces points sont utilis\u00e9s aussi bien pour masser que pour frapper, la pratique du massage \u00e9tait pour les \u00e9tudiants la meilleure fa\u00e7on de conna\u00eetre ces points et d\u2019exp\u00e9rimenter leur profondeur. Lorsque vous frappez ces points avec force, vous pouvez provoquer des traumatismes, voire m\u00eame la mort, en perturbant le chi de l\u2019adversaire. Mais vous pouvez, pour soigner, utiliser ces m\u00eames points par pression douces ou par frottements et supprimer ainsi les perturbations du chi.<\/strong><\/li>\n<\/ul>\n<p><strong>L\u2019\u00e9tude du massage \u00e9tait n\u00e9cessaire pour les pratiquants d\u2019arts martiaux qui aspiraient au plus haut niveau. De ce fait lorqu\u2019ils avaient atteint la ma\u00eetrise de leur art, ils \u00e9taient aussi experts en massage Dian Xue. Bien s\u00fbr, \u00e0 cette \u00e9poque d\u00e9j\u00e0, la plupart des connaissances pouvaient \u00eatre obtenues dans les livres. De plus, nombre d\u2019entre eux \u00e9taient \u00e9galement m\u00e9decins. Cela nous montre bien que la m\u00e9decine chinoise et les arts martiaux se sont d\u00e9velopp\u00e9s sur la m\u00eame base : la th\u00e9orie du chi.<\/strong><\/p>\n<div align=\"center\"><img loading=\"lazy\" decoding=\"async\" src=\"https:\/\/danielceron.fr\/karamar\/wp-content\/uploads\/2021\/03\/separe.png\" alt=\"\" width=\"260\" height=\"1\"><\/div>\n<h1>Ou ?<\/h1>\n<div><img loading=\"lazy\" decoding=\"async\" src=\"https:\/\/danielceron.fr\/karamar\/wp-content\/uploads\/2021\/03\/shiatsu_brive.jpg\" alt=\"Shiatu Tuina Brive\" width=\"350\" height=\"226\"><\/div>\n<p><!-- \/wp:post-content --><\/p>\n<p><!-- wp:image {\"id\":94,\"sizeSlug\":\"large\",\"linkDestination\":\"none\"} --><\/p>\n<figure class=\"wp-block-image size-large\"><\/figure>\n<p><!-- \/wp:image --><\/p>\n<p><!-- wp:image {\"align\":\"center\",\"id\":376,\"sizeSlug\":\"large\",\"linkDestination\":\"none\"} --><\/p>\n<div class=\"wp-block-image\">\n<figure class=\"aligncenter size-large\"><img loading=\"lazy\" decoding=\"async\" width=\"483\" height=\"1024\" src=\"https:\/\/danielceron.fr\/karamar\/wp-content\/uploads\/2022\/01\/shiatsu2022-483x1024.jpeg\" alt=\"\" class=\"wp-image-376\" srcset=\"https:\/\/danielceron.fr\/karamar\/wp-content\/uploads\/2022\/01\/shiatsu2022-483x1024.jpeg 483w, https:\/\/danielceron.fr\/karamar\/wp-content\/uploads\/2022\/01\/shiatsu2022-141x300.jpeg 141w, https:\/\/danielceron.fr\/karamar\/wp-content\/uploads\/2022\/01\/shiatsu2022-768x1629.jpeg 768w, https:\/\/danielceron.fr\/karamar\/wp-content\/uploads\/2022\/01\/shiatsu2022-724x1536.jpeg 724w, https:\/\/danielceron.fr\/karamar\/wp-content\/uploads\/2022\/01\/shiatsu2022-300x636.jpeg 300w, https:\/\/danielceron.fr\/karamar\/wp-content\/uploads\/2022\/01\/shiatsu2022.jpeg 780w\" sizes=\"auto, (max-width: 483px) 100vw, 483px\" \/><\/figure>\n<\/div>\n<p><!-- \/wp:image --><\/p>\n<p><strong><span style=\"color: #ff0000;\">SEILHAC<\/span> Dojo 3, chemin de la Besse 19700<\/strong><\/p>\n<h3>Renseignement : 06 42 42 84 43 Sur Rendez vous<\/h3>\n<p><\/p>\n<p>Au cours de la s\u00e9ance le shiatsu-shi, ou praticien de shiatsu, est souvent amen\u00e9 \u00e0 r\u00e9aliser des mobilisations articulaires, des \u00e9tirements pour d\u00e9bloquer l\u2019\u00e9nergie qui stagne dans les articulations et\/ou des percussions et des vibrations.<\/p>\n<p><\/p>","protected":false},"excerpt":{"rendered":"<p>D\u00e9finition du Shiatsu Le Shiatsu est une discipline \u00e9nerg\u00e9tique traditionnelle d\u2019origine japonaise. Elle consiste \u00e0 proc\u00e9der \u00e0 des \u00e9tirements, des pressions sur certains points de fa\u00e7on \u00e0 faciliter la libre circulation de l\u2019\u00e9nergie. Se pratiquant sur une personne habill\u00e9e de v\u00eatements souples, le Shiatsu ne peut \u00eatre consid\u00e9r\u00e9 comme un<a href=\"https:\/\/danielceron.fr\/karamar\/index.php\/shiatsu-tuina\/\" class=\"read-more\">Read More&#8230;<\/a><\/p>\n","protected":false},"author":1,"featured_media":0,"parent":0,"menu_order":7,"comment_status":"closed","ping_status":"closed","template":"fullwidth.php","meta":{"footnotes":""},"class_list":["post-66","page","type-page","status-publish","hentry"],"_links":{"self":[{"href":"https:\/\/danielceron.fr\/karamar\/index.php\/wp-json\/wp\/v2\/pages\/66","targetHints":{"allow":["GET"]}}],"collection":[{"href":"https:\/\/danielceron.fr\/karamar\/index.php\/wp-json\/wp\/v2\/pages"}],"about":[{"href":"https:\/\/danielceron.fr\/karamar\/index.php\/wp-json\/wp\/v2\/types\/page"}],"author":[{"embeddable":true,"href":"https:\/\/danielceron.fr\/karamar\/index.php\/wp-json\/wp\/v2\/users\/1"}],"replies":[{"embeddable":true,"href":"https:\/\/danielceron.fr\/karamar\/index.php\/wp-json\/wp\/v2\/comments?post=66"}],"version-history":[{"count":5,"href":"https:\/\/danielceron.fr\/karamar\/index.php\/wp-json\/wp\/v2\/pages\/66\/revisions"}],"predecessor-version":[{"id":378,"href":"https:\/\/danielceron.fr\/karamar\/index.php\/wp-json\/wp\/v2\/pages\/66\/revisions\/378"}],"wp:attachment":[{"href":"https:\/\/danielceron.fr\/karamar\/index.php\/wp-json\/wp\/v2\/media?parent=66"}],"curies":[{"name":"wp","href":"https:\/\/api.w.org\/{rel}","templated":true}]}}