{"id":93,"date":"2021-03-12T18:27:58","date_gmt":"2021-03-12T17:27:58","guid":{"rendered":"https:\/\/danielceron.fr\/karamar\/?page_id=93"},"modified":"2021-03-12T18:31:59","modified_gmt":"2021-03-12T17:31:59","slug":"limoges","status":"publish","type":"page","link":"https:\/\/danielceron.fr\/karamar\/index.php\/les-clubs\/limoges\/","title":{"rendered":"Limoges"},"content":{"rendered":"<p><img loading=\"lazy\" decoding=\"async\" class=\"wp-image-265 alignleft\" src=\"https:\/\/danielceron.fr\/karamar\/wp-content\/uploads\/2021\/03\/cropped-cropped-141209_Daniel_ELEMENTS-01.png\" alt=\"cropped-cropped-141209_Daniel_ELEMENTS-01.png\" width=\"554\" height=\"151\"><\/p>\n<p>&nbsp;<\/p>\n<p>&nbsp;<\/p>\n<p>&nbsp;<\/p>\n<p>&nbsp;<\/p>\n<p>&nbsp;<\/p>\n<p>&nbsp;<\/p>\n<p><span style=\"text-decoration: underline;\"><strong>LIMOGES<\/strong><\/span><br \/>\n<strong>Gymnase de la Bastide<\/strong><\/p>\n<p><strong>All\u00e9e de SEURAT<\/strong><\/p>\n<p><strong>87 000 Limoges<\/strong><br \/>\n<strong>ADULTES ET ENFANTS :<\/strong><\/p>\n<p><strong>mardi : de 19h30 \u00e0 22h00<\/strong><\/p>\n<p><strong>jeudi : de 19h30 \u00e0 22h00<\/strong><br \/>\n<span style=\"text-decoration: underline;\"><strong>Professeur:<\/strong><\/span><\/p>\n<p><strong>Gilles SERVIERE<\/strong><br \/>\n6<strong>\u00b0 Dan<\/strong><br \/>\n<strong>D.I.F<\/strong><br \/>\n<img loading=\"lazy\" decoding=\"async\" class=\"aligncenter wp-image-1110 size-medium\" src=\"https:\/\/danielceron.fr\/karamar\/wp-content\/uploads\/2021\/03\/VISUELS_LOGO_FFK-01-1-768x256-1-300x100-1.png\" alt=\"VISUELS_LOGO_FFK-01-1-768x256 (1)\" width=\"300\" height=\"100\"><\/p>\n","protected":false},"excerpt":{"rendered":"<p>&nbsp; &nbsp; &nbsp; &nbsp; &nbsp; &nbsp; LIMOGES Gymnase de la Bastide All\u00e9e de SEURAT 87 000 Limoges ADULTES ET ENFANTS : mardi : de 19h30 \u00e0 22h00 jeudi : de 19h30 \u00e0 22h00 Professeur: Gilles SERVIERE 6\u00b0 Dan D.I.F<\/p>\n","protected":false},"author":1,"featured_media":0,"parent":89,"menu_order":1,"comment_status":"closed","ping_status":"closed","template":"fullwidth.php","meta":{"footnotes":""},"class_list":["post-93","page","type-page","status-publish","hentry"],"_links":{"self":[{"href":"https:\/\/danielceron.fr\/karamar\/index.php\/wp-json\/wp\/v2\/pages\/93","targetHints":{"allow":["GET"]}}],"collection":[{"href":"https:\/\/danielceron.fr\/karamar\/index.php\/wp-json\/wp\/v2\/pages"}],"about":[{"href":"https:\/\/danielceron.fr\/karamar\/index.php\/wp-json\/wp\/v2\/types\/page"}],"author":[{"embeddable":true,"href":"https:\/\/danielceron.fr\/karamar\/index.php\/wp-json\/wp\/v2\/users\/1"}],"replies":[{"embeddable":true,"href":"https:\/\/danielceron.fr\/karamar\/index.php\/wp-json\/wp\/v2\/comments?post=93"}],"version-history":[{"count":1,"href":"https:\/\/danielceron.fr\/karamar\/index.php\/wp-json\/wp\/v2\/pages\/93\/revisions"}],"predecessor-version":[{"id":94,"href":"https:\/\/danielceron.fr\/karamar\/index.php\/wp-json\/wp\/v2\/pages\/93\/revisions\/94"}],"up":[{"embeddable":true,"href":"https:\/\/danielceron.fr\/karamar\/index.php\/wp-json\/wp\/v2\/pages\/89"}],"wp:attachment":[{"href":"https:\/\/danielceron.fr\/karamar\/index.php\/wp-json\/wp\/v2\/media?parent=93"}],"curies":[{"name":"wp","href":"https:\/\/api.w.org\/{rel}","templated":true}]}}