{"id":95,"date":"2021-03-12T18:29:46","date_gmt":"2021-03-12T17:29:46","guid":{"rendered":"https:\/\/danielceron.fr\/karamar\/?page_id=95"},"modified":"2025-11-04T21:37:00","modified_gmt":"2025-11-04T20:37:00","slug":"tulle","status":"publish","type":"page","link":"https:\/\/danielceron.fr\/karamar\/index.php\/les-clubs\/tulle\/","title":{"rendered":"Tulle"},"content":{"rendered":"<h1 style=\"text-align: center;\"><span style=\"text-decoration: underline;\"><strong>TULLE<\/strong><\/span><\/h1>\n<p style=\"text-align: center;\">\n<h2 style=\"text-align: center;\"><img loading=\"lazy\" decoding=\"async\" class=\"alignnone size-medium wp-image-688\" style=\"font-size: 16px;\" src=\"https:\/\/danielceron.fr\/karamar\/wp-content\/uploads\/2025\/11\/200910-DC-7DAN-01-300x82.png\" alt=\"\" width=\"300\" height=\"82\" srcset=\"https:\/\/danielceron.fr\/karamar\/wp-content\/uploads\/2025\/11\/200910-DC-7DAN-01-300x82.png 300w, https:\/\/danielceron.fr\/karamar\/wp-content\/uploads\/2025\/11\/200910-DC-7DAN-01-1024x280.png 1024w, https:\/\/danielceron.fr\/karamar\/wp-content\/uploads\/2025\/11\/200910-DC-7DAN-01-768x210.png 768w, https:\/\/danielceron.fr\/karamar\/wp-content\/uploads\/2025\/11\/200910-DC-7DAN-01-1536x420.png 1536w, https:\/\/danielceron.fr\/karamar\/wp-content\/uploads\/2025\/11\/200910-DC-7DAN-01-2048x560.png 2048w\" sizes=\"auto, (max-width: 300px) 100vw, 300px\" \/><span style=\"font-size: 16px;\">\u00a0<\/span><span style=\"font-size: 16px;\">\u00a0<\/span><\/h2>\n<h2 style=\"text-align: center;\"><strong>Dojo Impasse LA MONTANE<\/strong><\/h2>\n\n\n<div class=\"wp-block-columns is-layout-flex wp-container-core-columns-is-layout-9d6595d7 wp-block-columns-is-layout-flex\">\n<div class=\"wp-block-column is-layout-flow wp-block-column-is-layout-flow\">\n<h2 class=\"wp-block-heading\"><span style=\"color:#a30012\" class=\"has-inline-color\">Karat\u00e9<\/span><\/h2>\n<\/div>\n\n\n\n<div class=\"wp-block-column is-layout-flow wp-block-column-is-layout-flow\">\n<h2 class=\"wp-block-heading\"><span style=\"color:#a30004\" class=\"has-inline-color\">QI Gong<\/span><\/h2>\n<\/div>\n<\/div>\n\n\n\n<div class=\"wp-block-columns is-layout-flex wp-container-core-columns-is-layout-9d6595d7 wp-block-columns-is-layout-flex\">\n<div class=\"wp-block-column is-layout-flow wp-block-column-is-layout-flow\">\n<p>ADULTES : \u00e0 partir de 12 ans et sans limite d\u2019\u00e2ge<br>le lundi 19h15 \u00e0 20h30<br>le mercredi 19h00 \u00e0 20h30<br>samedi karate cours libre de 15h00 \u00e0 17h00<\/p>\n\n\n\n<p><\/p>\n\n\n\n<p><\/p>\n<\/div>\n\n\n\n<div class=\"wp-block-column is-layout-flow wp-block-column-is-layout-flow\">\n<p>le Lundi 18h00 \u00e0 19h15 (Tous niveaux).<\/p>\n<\/div>\n<\/div>\n\n\n\n<h1 class=\"wp-block-heading\"><strong>SEILHAC<\/strong><\/h1>\n\n\n\n<h2 class=\"wp-block-heading\"><strong>3 ,Chemin de la Besse<\/strong> 19700 Seilhac <\/h2>\n\n\n\n<div class=\"wp-block-columns is-layout-flex wp-container-core-columns-is-layout-9d6595d7 wp-block-columns-is-layout-flex\">\n<div class=\"wp-block-column is-layout-flow wp-block-column-is-layout-flow\">\n<h2 class=\"wp-block-heading\"><span style=\"color:#a30009\" class=\"has-inline-color\">QI Gong<\/span><\/h2>\n<\/div>\n\n\n\n<div class=\"wp-block-column is-layout-flow wp-block-column-is-layout-flow\"><\/div>\n<\/div>\n\n\n\n<div class=\"wp-block-columns is-layout-flex wp-container-core-columns-is-layout-9d6595d7 wp-block-columns-is-layout-flex\">\n<div class=\"wp-block-column is-layout-flow wp-block-column-is-layout-flow\">\n<p>le mardi soir 19h00 20h15 (D\u00e9butants) .<br>Jeudi 14h15 \u00e0 15h30<br>jeudi soir 19h00 \u00e0 20 h15 (Avanc\u00e9s).<\/p>\n<\/div>\n\n\n\n<div class=\"wp-block-column is-layout-flow wp-block-column-is-layout-flow\"><\/div>\n<\/div>\n\n\n\n<p><strong>Professeur DE<\/strong><\/p>\n\n\n\n<p><strong>Daniel CERON<\/strong><\/p>\n\n\n\n<p><strong>8 \u00e9me Dan<br><\/strong><br><strong>DEJEPS<\/strong><\/p>\n\n\n\n<p><strong>Assistants : 6 , 5\u00b0, 4\u00b0 et 3\u00b0 Dan<\/strong><\/p>\n\n\n\n<p><strong>dipl\u00f4m\u00e9s FFK<\/strong><\/p>\n","protected":false},"excerpt":{"rendered":"<p>TULLE \u00a0\u00a0 Dojo Impasse LA MONTANE Karat\u00e9 QI Gong ADULTES : \u00e0 partir de 12 ans et sans limite d\u2019\u00e2gele lundi 19h15 \u00e0 20h30le mercredi 19h00 \u00e0 20h30samedi karate cours libre de 15h00 \u00e0 17h00 le Lundi 18h00 \u00e0 19h15 (Tous niveaux). SEILHAC 3 ,Chemin de la Besse 19700 Seilhac<a href=\"https:\/\/danielceron.fr\/karamar\/index.php\/les-clubs\/tulle\/\" class=\"read-more\">Read More&#8230;<\/a><\/p>\n","protected":false},"author":1,"featured_media":0,"parent":89,"menu_order":2,"comment_status":"closed","ping_status":"closed","template":"fullwidth.php","meta":{"footnotes":""},"class_list":["post-95","page","type-page","status-publish","hentry"],"_links":{"self":[{"href":"https:\/\/danielceron.fr\/karamar\/index.php\/wp-json\/wp\/v2\/pages\/95","targetHints":{"allow":["GET"]}}],"collection":[{"href":"https:\/\/danielceron.fr\/karamar\/index.php\/wp-json\/wp\/v2\/pages"}],"about":[{"href":"https:\/\/danielceron.fr\/karamar\/index.php\/wp-json\/wp\/v2\/types\/page"}],"author":[{"embeddable":true,"href":"https:\/\/danielceron.fr\/karamar\/index.php\/wp-json\/wp\/v2\/users\/1"}],"replies":[{"embeddable":true,"href":"https:\/\/danielceron.fr\/karamar\/index.php\/wp-json\/wp\/v2\/comments?post=95"}],"version-history":[{"count":9,"href":"https:\/\/danielceron.fr\/karamar\/index.php\/wp-json\/wp\/v2\/pages\/95\/revisions"}],"predecessor-version":[{"id":691,"href":"https:\/\/danielceron.fr\/karamar\/index.php\/wp-json\/wp\/v2\/pages\/95\/revisions\/691"}],"up":[{"embeddable":true,"href":"https:\/\/danielceron.fr\/karamar\/index.php\/wp-json\/wp\/v2\/pages\/89"}],"wp:attachment":[{"href":"https:\/\/danielceron.fr\/karamar\/index.php\/wp-json\/wp\/v2\/media?parent=95"}],"curies":[{"name":"wp","href":"https:\/\/api.w.org\/{rel}","templated":true}]}}