{"id":97,"date":"2021-03-12T18:37:16","date_gmt":"2021-03-12T17:37:16","guid":{"rendered":"https:\/\/danielceron.fr\/karamar\/?page_id=97"},"modified":"2021-03-12T19:14:27","modified_gmt":"2021-03-12T18:14:27","slug":"le-shito-ryu","status":"publish","type":"page","link":"https:\/\/danielceron.fr\/karamar\/index.php\/le-shito-ryu\/","title":{"rendered":"Le Shito-Ryu"},"content":{"rendered":"\n<figure class=\"wp-block-image size-large\"><img decoding=\"async\" src=\"https:\/\/danielceron.fr\/karamar\/wp-content\/uploads\/2021\/03\/cropped-cropped-141209_Daniel_ELEMENTS-01-1024x279-1.png\" alt=\"\" class=\"wp-image-53\"\/><\/figure>\n\n\n\n<p>Le symbole du Shito-Ryu, vieux de plusieurs si\u00e8cles, est, \u00e0 l&rsquo;origine, le blason<br>des armoiries de la famille MABUNI.<\/p>\n\n\n\n<p>Le cercle repr\u00e9sente l&rsquo;id\u00e9ogramme \u00a0\u00bb WA \u00ab\u00a0, qui signifie paix et harmonie.<br>Les lignes verticales et horizontales \u00e0 gauche et \u00e0 droite, ainsi qu&rsquo;\u00e0 l&rsquo;int\u00e9rieur du cercle,<br>repr\u00e9sentent l&rsquo;id\u00e9ogramme \u00a0\u00bb homme\u00a0\u00bb ou \u00ab\u00a0personne \u00ab\u00a0.<\/p>\n\n\n\n<p>En combinant ces significations, les armoiries symbolisent :<br>\u00a0\u00bb Les hommes \u0153uvrant pour maintenir la paix et l&rsquo;harmonie .\u00a0\u00bbElles ont aussi une autre signification :<br>les lignes int\u00e9rieures se r\u00e9f\u00e8rent aux deux \u00e9coles qui ont donn\u00e9 naissance au Shito-Ryu :<br>les \u00e9coles Shuri Te et Naha Te.<\/p>\n\n\n\n<p>Le Shito-Ryu seul, a h\u00e9rit\u00e9 de la totalit\u00e9 des Katas des deux \u00e9coles,<br>de ce fait les armoiries symbolisent l&rsquo;harmonieuse fusion de deux \u00e9coles,<br>autant que le caract\u00e8re exceptionnel et la qualit\u00e9 du style Shito-Ryu.<\/p>\n","protected":false},"excerpt":{"rendered":"<p>Le symbole du Shito-Ryu, vieux de plusieurs si\u00e8cles, est, \u00e0 l&rsquo;origine, le blasondes armoiries de la famille MABUNI. Le cercle repr\u00e9sente l&rsquo;id\u00e9ogramme \u00a0\u00bb WA \u00ab\u00a0, qui signifie paix et harmonie.Les lignes verticales et horizontales \u00e0 gauche et \u00e0 droite, ainsi qu&rsquo;\u00e0 l&rsquo;int\u00e9rieur du cercle,repr\u00e9sentent l&rsquo;id\u00e9ogramme \u00a0\u00bb homme\u00a0\u00bb ou \u00ab\u00a0personne \u00ab\u00a0.<a href=\"https:\/\/danielceron.fr\/karamar\/index.php\/le-shito-ryu\/\" class=\"read-more\">Read More&#8230;<\/a><\/p>\n","protected":false},"author":1,"featured_media":0,"parent":0,"menu_order":3,"comment_status":"closed","ping_status":"closed","template":"fullwidth.php","meta":{"footnotes":""},"class_list":["post-97","page","type-page","status-publish","hentry"],"_links":{"self":[{"href":"https:\/\/danielceron.fr\/karamar\/index.php\/wp-json\/wp\/v2\/pages\/97","targetHints":{"allow":["GET"]}}],"collection":[{"href":"https:\/\/danielceron.fr\/karamar\/index.php\/wp-json\/wp\/v2\/pages"}],"about":[{"href":"https:\/\/danielceron.fr\/karamar\/index.php\/wp-json\/wp\/v2\/types\/page"}],"author":[{"embeddable":true,"href":"https:\/\/danielceron.fr\/karamar\/index.php\/wp-json\/wp\/v2\/users\/1"}],"replies":[{"embeddable":true,"href":"https:\/\/danielceron.fr\/karamar\/index.php\/wp-json\/wp\/v2\/comments?post=97"}],"version-history":[{"count":2,"href":"https:\/\/danielceron.fr\/karamar\/index.php\/wp-json\/wp\/v2\/pages\/97\/revisions"}],"predecessor-version":[{"id":131,"href":"https:\/\/danielceron.fr\/karamar\/index.php\/wp-json\/wp\/v2\/pages\/97\/revisions\/131"}],"wp:attachment":[{"href":"https:\/\/danielceron.fr\/karamar\/index.php\/wp-json\/wp\/v2\/media?parent=97"}],"curies":[{"name":"wp","href":"https:\/\/api.w.org\/{rel}","templated":true}]}}