{"id":99,"date":"2021-03-12T18:39:10","date_gmt":"2021-03-12T17:39:10","guid":{"rendered":"https:\/\/danielceron.fr\/karamar\/?page_id=99"},"modified":"2021-03-12T18:39:33","modified_gmt":"2021-03-12T17:39:33","slug":"soke-kenwa-mabuni","status":"publish","type":"page","link":"https:\/\/danielceron.fr\/karamar\/index.php\/le-shito-ryu\/soke-kenwa-mabuni\/","title":{"rendered":"Soke Kenwa Mabuni"},"content":{"rendered":"\n<figure class=\"wp-block-image size-large\"><img decoding=\"async\" class=\"aligncenter size-full wp-image-1446\" src=\"https:\/\/danielceron.fr\/karamar\/wp-content\/uploads\/2021\/03\/KenwaMabuni.png\" alt=\"\" class=\"wp-image-59\"\/><\/figure>\n\n\n\n<p>N\u00e9 \u00e0 Shuri (Okinawa) en 1889, Kenwa Mabuni est un descendant de la c\u00e9l\u00e8bre famille de samoura\u00efsOnigusukini. Il commen\u00e7a son apprentissage de l&rsquo;art du shuri-te d\u00e8s l&rsquo;\u00e2ge de 13 ans sous la tutelle du l\u00e9gendaire Ank\u014d Itosu ( 1813-1915) qui \u00e9labora les katas pinan.<\/p>\n\n\n\n<p>Il commen\u00e7a \u00e0 apprendre le naha-te (main de Naha) sous l&rsquo; instruction de Kanry\u014d Higashionna.Toujours fid\u00e8le \u00e0 ses deux grands ma\u00eetres, Itosu et Higashionna, il chercha \u00e0 compl\u00e9ter et enrichir son apprentissage aupr\u00e8s d&rsquo;autres professeurs et devint l\u00e9gendairement connu pour sa connaissance encyclop\u00e9dique des katas et de leurs applications (appel\u00e9s bunkai).<\/p>\n\n\n\n<p>D\u00e8s les ann\u00e9es 1920, il \u00e9tait reconnu comme une r\u00e9f\u00e9rence dominante au sujet des katas d&rsquo;Okinawa et \u00e9tait un professeur extr\u00eamement recherch\u00e9. Par la suite, en tant que policier, il enseigna aux autorit\u00e9s locales et, sous l&rsquo;encouragement de son professeur Itosu, aux divers \u00e9coles de Shuri etNaha.<\/p>\n\n\n\n<p>Entre 1917 et 1928, Mabuni effectue un certain nombre de voyages \u00e0 T\u014dky\u014d et sur les \u00eeles principales du Japon afin de populariser le karat\u00e9, pensant que le karat\u00e9 devrait \u00eatre enseign\u00e9 \u00e0 quiconque cherchait la connaissance avec honn\u00eatet\u00e9 et int\u00e9grit\u00e9.<\/p>\n","protected":false},"excerpt":{"rendered":"<p>N\u00e9 \u00e0 Shuri (Okinawa) en 1889, Kenwa Mabuni est un descendant de la c\u00e9l\u00e8bre famille de samoura\u00efsOnigusukini. Il commen\u00e7a son apprentissage de l&rsquo;art du shuri-te d\u00e8s l&rsquo;\u00e2ge de 13 ans sous la tutelle du l\u00e9gendaire Ank\u014d Itosu ( 1813-1915) qui \u00e9labora les katas pinan. Il commen\u00e7a \u00e0 apprendre le naha-te<a href=\"https:\/\/danielceron.fr\/karamar\/index.php\/le-shito-ryu\/soke-kenwa-mabuni\/\" class=\"read-more\">Read More&#8230;<\/a><\/p>\n","protected":false},"author":1,"featured_media":0,"parent":97,"menu_order":0,"comment_status":"closed","ping_status":"closed","template":"fullwidth.php","meta":{"footnotes":""},"class_list":["post-99","page","type-page","status-publish","hentry"],"_links":{"self":[{"href":"https:\/\/danielceron.fr\/karamar\/index.php\/wp-json\/wp\/v2\/pages\/99","targetHints":{"allow":["GET"]}}],"collection":[{"href":"https:\/\/danielceron.fr\/karamar\/index.php\/wp-json\/wp\/v2\/pages"}],"about":[{"href":"https:\/\/danielceron.fr\/karamar\/index.php\/wp-json\/wp\/v2\/types\/page"}],"author":[{"embeddable":true,"href":"https:\/\/danielceron.fr\/karamar\/index.php\/wp-json\/wp\/v2\/users\/1"}],"replies":[{"embeddable":true,"href":"https:\/\/danielceron.fr\/karamar\/index.php\/wp-json\/wp\/v2\/comments?post=99"}],"version-history":[{"count":1,"href":"https:\/\/danielceron.fr\/karamar\/index.php\/wp-json\/wp\/v2\/pages\/99\/revisions"}],"predecessor-version":[{"id":100,"href":"https:\/\/danielceron.fr\/karamar\/index.php\/wp-json\/wp\/v2\/pages\/99\/revisions\/100"}],"up":[{"embeddable":true,"href":"https:\/\/danielceron.fr\/karamar\/index.php\/wp-json\/wp\/v2\/pages\/97"}],"wp:attachment":[{"href":"https:\/\/danielceron.fr\/karamar\/index.php\/wp-json\/wp\/v2\/media?parent=99"}],"curies":[{"name":"wp","href":"https:\/\/api.w.org\/{rel}","templated":true}]}}